{"id":78,"date":"2017-12-12T11:24:21","date_gmt":"2017-12-12T15:24:21","guid":{"rendered":"http:\/\/ayuntamiento.guineo\/transparencia\/?page_id=78"},"modified":"2024-11-05T09:20:42","modified_gmt":"2024-11-05T13:20:42","slug":"definicion-oaim-oficina-de-acceso-a-la-informacion-municipal","status":"publish","type":"page","link":"https:\/\/ayuntamientoperalvillo.gob.do\/transparencia\/definicion-oaim-oficina-de-acceso-a-la-informacion-municipal\/","title":{"rendered":"Definici\u00f3n OAIM (Oficina de Acceso a la Informaci\u00f3n Municipal)"},"content":{"rendered":"<p>La Oficina de Acceso a la Informaci\u00f3n (OAI), es un mandato de la Ley General de Libre Acceso a la Informaci\u00f3n P\u00fablica Ley 200-04 y el Decreto No. 130-05 que crea el reglamento de dicha ley, con el objetivo de apoyar a entidades y personas tanto p\u00fablicas como privadas mediante las informaciones solicitadas.<\/p>\n<blockquote>\n<h3><strong>Visi\u00f3n<\/strong><\/h3>\n<\/blockquote>\n<p>Dar sost\u00e9n a los valores de honestidad, integridad, eficiencia, eficacia, calidad y trabajo en el equipo del Ayuntamiento de Peralvillo, Rep\u00fablica Dominicana, apoyando as\u00ed los esfuerzos de transparencia institucional.<\/p>\n<blockquote>\n<h3><strong>Misi\u00f3n<\/strong><\/h3>\n<\/blockquote>\n<p>Garantizar el acceso de los usuarios a la informaci\u00f3n sobre la gesti\u00f3n del Ayuntamiento de Peralvillo, Rep\u00fablica Dominicana como una forma de validar la transparencia de la instituci\u00f3n.<\/p>\n<blockquote>\n<h3><strong>Definici\u00f3n RAI<\/strong><\/h3>\n<\/blockquote>\n<p>El representante de Acceso a la Informaci\u00f3n, es el responsable de tramitar y facilitar las informaciones requeridas y de ser el canal de comunicaci\u00f3n entre la instituci\u00f3n, ciudadanos y ciudadanas.<\/p>\n<p>\u00a0<\/p>\n<blockquote>\n<h3><strong>Proceso de Solicitud de Informaci\u00f3n:<\/strong><\/h3>\n<\/blockquote>\n<ul>\n<li>Completar el formulario de solicitud de informaci\u00f3n.<\/li>\n<li>Se procede a la revisi\u00f3n de dicho documento con la finalidad de verificar que est\u00e1 debidamente completada (o).<\/li>\n<li>Se hace entrega de acuse de recibo al solicitante.<\/li>\n<li>Seg\u00fan la complejidad de la informaci\u00f3n, se asigna una fecha de entrega.\u00a0En caso de no ser la \u00d3PTICA la entidad competente para ofrecer la informaci\u00f3n requerida, dicha solicitud se refiere a la instituci\u00f3n correspondiente y se le informa al solicitante, el curso que ha tomado su solicitud y la instituci\u00f3n destinataria.<\/li>\n<li>Seguimiento de la (s) solicitud (es) hasta confirmar que se ha suministrado la informaci\u00f3n.<\/li>\n<\/ul>\n<blockquote>\n<h3><strong>Contacto Responsable de Acceso a la Informaci\u00f3n<\/strong><\/h3>\n<\/blockquote>\n<p><b>SINEYDI HEREDIA<\/b><\/p>\n<p>Responsable de Acceso a la Informaci\u00f3n (RAI)<\/p>\n<p>Tel\u00e9fono: 809-801-3140<\/p>\n<p>Correo electr\u00f3nico:\u00a0 Sineydiheredia@gmail.com<\/p>\n\n","protected":false},"excerpt":{"rendered":"La Oficina de Acceso a la Informaci\u00f3n (OAI), es un mandato de la Ley General de Libre Acceso a la Informaci\u00f3n P\u00fablica Ley 200-04 y el Decreto No. 130-05 que crea el reglamento de dicha ley, con el objetivo de apoyar a entidades y personas tanto p\u00fablicas como privadas mediante las informaciones solicitadas. Visi\u00f3n Dar&#8230;","protected":false},"author":5,"featured_media":0,"parent":0,"menu_order":0,"comment_status":"closed","ping_status":"closed","template":"","meta":[],"acf":[],"_links":{"self":[{"href":"https:\/\/ayuntamientoperalvillo.gob.do\/transparencia\/wp-json\/wp\/v2\/pages\/78"}],"collection":[{"href":"https:\/\/ayuntamientoperalvillo.gob.do\/transparencia\/wp-json\/wp\/v2\/pages"}],"about":[{"href":"https:\/\/ayuntamientoperalvillo.gob.do\/transparencia\/wp-json\/wp\/v2\/types\/page"}],"author":[{"embeddable":true,"href":"https:\/\/ayuntamientoperalvillo.gob.do\/transparencia\/wp-json\/wp\/v2\/users\/5"}],"replies":[{"embeddable":true,"href":"https:\/\/ayuntamientoperalvillo.gob.do\/transparencia\/wp-json\/wp\/v2\/comments?post=78"}],"version-history":[{"count":5,"href":"https:\/\/ayuntamientoperalvillo.gob.do\/transparencia\/wp-json\/wp\/v2\/pages\/78\/revisions"}],"predecessor-version":[{"id":911,"href":"https:\/\/ayuntamientoperalvillo.gob.do\/transparencia\/wp-json\/wp\/v2\/pages\/78\/revisions\/911"}],"wp:attachment":[{"href":"https:\/\/ayuntamientoperalvillo.gob.do\/transparencia\/wp-json\/wp\/v2\/media?parent=78"}],"curies":[{"name":"wp","href":"https:\/\/api.w.org\/{rel}","templated":true}]}}