{"id":258,"date":"2018-01-22T10:17:40","date_gmt":"2018-01-22T14:17:40","guid":{"rendered":"http:\/\/ayuntamiento.o\/transparencia\/?page_id=258"},"modified":"2024-11-05T09:25:21","modified_gmt":"2024-11-05T13:25:21","slug":"responsable-de-acceso-a-la-informacion","status":"publish","type":"page","link":"https:\/\/ayuntamientoperalvillo.gob.do\/transparencia\/responsable-de-acceso-a-la-informacion\/","title":{"rendered":"Responsable de Acceso a la Informaci\u00f3n"},"content":{"rendered":"<p style=\"text-align: left\"><b>SINEYDI HEREDIA<\/b><\/p>\n<p>Responsable de Acceso a la Informaci\u00f3n (RAI)<\/p>\n<p>Tel\u00e9fono: 809-801-3140<\/p>\n<p>Correo electr\u00f3nico:\u00a0 Sineydiheredia@gmail.com<\/p>\n","protected":false},"excerpt":{"rendered":"SINEYDI HEREDIA Responsable de Acceso a la Informaci\u00f3n (RAI) Tel\u00e9fono: 809-801-3140 Correo electr\u00f3nico:\u00a0 Sineydiheredia@gmail.com","protected":false},"author":5,"featured_media":0,"parent":0,"menu_order":0,"comment_status":"closed","ping_status":"closed","template":"","meta":[],"acf":[],"_links":{"self":[{"href":"https:\/\/ayuntamientoperalvillo.gob.do\/transparencia\/wp-json\/wp\/v2\/pages\/258"}],"collection":[{"href":"https:\/\/ayuntamientoperalvillo.gob.do\/transparencia\/wp-json\/wp\/v2\/pages"}],"about":[{"href":"https:\/\/ayuntamientoperalvillo.gob.do\/transparencia\/wp-json\/wp\/v2\/types\/page"}],"author":[{"embeddable":true,"href":"https:\/\/ayuntamientoperalvillo.gob.do\/transparencia\/wp-json\/wp\/v2\/users\/5"}],"replies":[{"embeddable":true,"href":"https:\/\/ayuntamientoperalvillo.gob.do\/transparencia\/wp-json\/wp\/v2\/comments?post=258"}],"version-history":[{"count":4,"href":"https:\/\/ayuntamientoperalvillo.gob.do\/transparencia\/wp-json\/wp\/v2\/pages\/258\/revisions"}],"predecessor-version":[{"id":914,"href":"https:\/\/ayuntamientoperalvillo.gob.do\/transparencia\/wp-json\/wp\/v2\/pages\/258\/revisions\/914"}],"wp:attachment":[{"href":"https:\/\/ayuntamientoperalvillo.gob.do\/transparencia\/wp-json\/wp\/v2\/media?parent=258"}],"curies":[{"name":"wp","href":"https:\/\/api.w.org\/{rel}","templated":true}]}}